{"id":25,"date":"2020-06-28T18:54:29","date_gmt":"2020-06-28T18:54:29","guid":{"rendered":"https:\/\/rina.naturopatiadigital.eu\/?page_id=25"},"modified":"2025-05-20T15:14:58","modified_gmt":"2025-05-20T13:14:58","slug":"red-de-investigacion-naturopatica","status":"publish","type":"page","link":"https:\/\/rina.naturopatiadigital.eu\/?page_id=25","title":{"rendered":"RINA"},"content":{"rendered":"\t\t<div data-elementor-type=\"wp-page\" data-elementor-id=\"25\" class=\"elementor elementor-25\">\n\t\t\t\t\t\t\t\t\t<section class=\"elementor-section elementor-top-section elementor-element elementor-element-509e967 elementor-section-boxed elementor-section-height-default elementor-section-height-default\" data-id=\"509e967\" data-element_type=\"section\">\n\t\t\t\t\t\t<div class=\"elementor-container elementor-column-gap-default\">\n\t\t\t\t\t<div class=\"elementor-column elementor-col-100 elementor-top-column elementor-element elementor-element-c86730a\" data-id=\"c86730a\" data-element_type=\"column\">\n\t\t\t<div class=\"elementor-widget-wrap elementor-element-populated\">\n\t\t\t\t\t\t\t\t<div class=\"elementor-element elementor-element-de65fd4 elementor-widget elementor-widget-image\" data-id=\"de65fd4\" data-element_type=\"widget\" data-widget_type=\"image.default\">\n\t\t\t\t<div class=\"elementor-widget-container\">\n\t\t\t\t\t\t\t\t\t\t\t\t\t\t\t<img fetchpriority=\"high\" decoding=\"async\" width=\"640\" height=\"391\" src=\"https:\/\/rina.naturopatiadigital.eu\/wp-content\/uploads\/2020\/06\/cropped-NBE.jpg\" class=\"attachment-medium_large size-medium_large wp-image-53\" alt=\"\" srcset=\"https:\/\/rina.naturopatiadigital.eu\/wp-content\/uploads\/2020\/06\/cropped-NBE.jpg 667w, https:\/\/rina.naturopatiadigital.eu\/wp-content\/uploads\/2020\/06\/cropped-NBE-600x367.jpg 600w, https:\/\/rina.naturopatiadigital.eu\/wp-content\/uploads\/2020\/06\/cropped-NBE-300x184.jpg 300w\" sizes=\"(max-width: 640px) 100vw, 640px\" \/>\t\t\t\t\t\t\t\t\t\t\t\t\t\t\t<\/div>\n\t\t\t\t<\/div>\n\t\t\t\t\t<\/div>\n\t\t<\/div>\n\t\t\t\t\t\t\t<\/div>\n\t\t<\/section>\n\t\t\t\t<section class=\"elementor-section elementor-top-section elementor-element elementor-element-da2c599 elementor-section-boxed elementor-section-height-default elementor-section-height-default\" data-id=\"da2c599\" data-element_type=\"section\">\n\t\t\t\t\t\t<div class=\"elementor-container elementor-column-gap-default\">\n\t\t\t\t\t<div class=\"elementor-column elementor-col-100 elementor-top-column elementor-element elementor-element-5a50894\" data-id=\"5a50894\" data-element_type=\"column\">\n\t\t\t<div class=\"elementor-widget-wrap elementor-element-populated\">\n\t\t\t\t\t\t\t\t<div class=\"elementor-element elementor-element-cbdab58 elementor-widget elementor-widget-text-editor\" data-id=\"cbdab58\" data-element_type=\"widget\" data-widget_type=\"text-editor.default\">\n\t\t\t\t<div class=\"elementor-widget-container\">\n\t\t\t\t\t\t\t<p>La Red de Investigaci\u00f3n Naturop\u00e1tica es la continuaci\u00f3n del CNIN (2013 &#8211; 2020), iniciando una nueva etapa incorporando nuevas herramientas de Investigaci\u00f3n Naturop\u00e1tica e investigadores Natur\u00f3patas de \u00e1mbito internacional, adem\u00e1s de enlazar y colaborar con otras entidades de Investigaci\u00f3n Naturop\u00e1tica a nivel mundial, dentro del Programa de Investigaci\u00f3n Naturop\u00e1tica de la\u00a0<a href=\"http:\/\/worldnaturopathicfederation.org\/research\/\">Federaci\u00f3n Mundial de Naturopat\u00eda WNF<\/a><\/p>\t\t\t\t\t\t<\/div>\n\t\t\t\t<\/div>\n\t\t\t\t\t<\/div>\n\t\t<\/div>\n\t\t\t\t\t\t\t<\/div>\n\t\t<\/section>\n\t\t\t\t\t\t\t<\/div>\n\t\t","protected":false},"excerpt":{"rendered":"<p>La Red de Investigaci\u00f3n Naturop\u00e1tica es la continuaci\u00f3n del CNIN (2013 &#8211; 2020), iniciando una nueva etapa incorporando nuevas herramientas de Investigaci\u00f3n Naturop\u00e1tica e investigadores Natur\u00f3patas de \u00e1mbito internacional, adem\u00e1s de enlazar y colaborar con otras entidades de Investigaci\u00f3n Naturop\u00e1tica a nivel mundial, dentro del Programa de Investigaci\u00f3n Naturop\u00e1tica de la\u00a0Federaci\u00f3n Mundial de Naturopat\u00eda WNF<\/p>\n","protected":false},"author":1,"featured_media":0,"parent":0,"menu_order":0,"comment_status":"closed","ping_status":"closed","template":"elementor_canvas","meta":{"footnotes":""},"class_list":["post-25","page","type-page","status-publish","hentry"],"yoast_head":"<!-- This site is optimized with the Yoast SEO plugin v21.8 - https:\/\/yoast.com\/wordpress\/plugins\/seo\/ -->\n<title>RINA -<\/title>\n<meta name=\"robots\" content=\"index, follow, max-snippet:-1, max-image-preview:large, max-video-preview:-1\" \/>\n<link rel=\"canonical\" href=\"https:\/\/rina.naturopatiadigital.eu\/?page_id=25\" \/>\n<meta property=\"og:locale\" content=\"es_ES\" \/>\n<meta property=\"og:type\" content=\"article\" \/>\n<meta property=\"og:title\" content=\"RINA -\" \/>\n<meta property=\"og:description\" content=\"La Red de Investigaci\u00f3n Naturop\u00e1tica es la continuaci\u00f3n del CNIN (2013 &#8211; 2020), iniciando una nueva etapa incorporando nuevas herramientas de Investigaci\u00f3n Naturop\u00e1tica e investigadores Natur\u00f3patas de \u00e1mbito internacional, adem\u00e1s de enlazar y colaborar con otras entidades de Investigaci\u00f3n Naturop\u00e1tica a nivel mundial, dentro del Programa de Investigaci\u00f3n Naturop\u00e1tica de la\u00a0Federaci\u00f3n Mundial de Naturopat\u00eda WNF\" \/>\n<meta property=\"og:url\" content=\"https:\/\/rina.naturopatiadigital.eu\/?page_id=25\" \/>\n<meta property=\"article:modified_time\" content=\"2025-05-20T13:14:58+00:00\" \/>\n<meta property=\"og:image\" content=\"https:\/\/rina.naturopatiadigital.eu\/wp-content\/uploads\/2020\/06\/cropped-NBE.jpg\" \/>\n<meta name=\"twitter:card\" content=\"summary_large_image\" \/>\n<meta name=\"twitter:label1\" content=\"Tiempo de lectura\" \/>\n\t<meta name=\"twitter:data1\" content=\"1 minuto\" \/>\n<script type=\"application\/ld+json\" class=\"yoast-schema-graph\">{\"@context\":\"https:\/\/schema.org\",\"@graph\":[{\"@type\":\"WebPage\",\"@id\":\"https:\/\/rina.naturopatiadigital.eu\/?page_id=25\",\"url\":\"https:\/\/rina.naturopatiadigital.eu\/?page_id=25\",\"name\":\"RINA -\",\"isPartOf\":{\"@id\":\"https:\/\/rina.naturopatiadigital.eu\/#website\"},\"datePublished\":\"2020-06-28T18:54:29+00:00\",\"dateModified\":\"2025-05-20T13:14:58+00:00\",\"breadcrumb\":{\"@id\":\"https:\/\/rina.naturopatiadigital.eu\/?page_id=25#breadcrumb\"},\"inLanguage\":\"es\",\"potentialAction\":[{\"@type\":\"ReadAction\",\"target\":[\"https:\/\/rina.naturopatiadigital.eu\/?page_id=25\"]}]},{\"@type\":\"BreadcrumbList\",\"@id\":\"https:\/\/rina.naturopatiadigital.eu\/?page_id=25#breadcrumb\",\"itemListElement\":[{\"@type\":\"ListItem\",\"position\":1,\"name\":\"Home\",\"item\":\"https:\/\/rina.naturopatiadigital.eu\/\"},{\"@type\":\"ListItem\",\"position\":2,\"name\":\"RINA\"}]},{\"@type\":\"WebSite\",\"@id\":\"https:\/\/rina.naturopatiadigital.eu\/#website\",\"url\":\"https:\/\/rina.naturopatiadigital.eu\/\",\"name\":\"\",\"description\":\"Red Investigaci\u00f3n Naturop\u00e1tica\",\"publisher\":{\"@id\":\"https:\/\/rina.naturopatiadigital.eu\/#organization\"},\"potentialAction\":[{\"@type\":\"SearchAction\",\"target\":{\"@type\":\"EntryPoint\",\"urlTemplate\":\"https:\/\/rina.naturopatiadigital.eu\/?s={search_term_string}\"},\"query-input\":\"required name=search_term_string\"}],\"inLanguage\":\"es\"},{\"@type\":\"Organization\",\"@id\":\"https:\/\/rina.naturopatiadigital.eu\/#organization\",\"name\":\"Organizaci\u00f3n Colegial Naturop\u00e1tica\",\"url\":\"https:\/\/rina.naturopatiadigital.eu\/\",\"logo\":{\"@type\":\"ImageObject\",\"inLanguage\":\"es\",\"@id\":\"https:\/\/rina.naturopatiadigital.eu\/#\/schema\/logo\/image\/\",\"url\":\"https:\/\/RevistaEspa\u00f1oladeNaturopatia.naturopatiadigital.eu\/wp-content\/uploads\/2020\/11\/logo2.jpg\",\"contentUrl\":\"https:\/\/RevistaEspa\u00f1oladeNaturopatia.naturopatiadigital.eu\/wp-content\/uploads\/2020\/11\/logo2.jpg\",\"width\":960,\"height\":960,\"caption\":\"Organizaci\u00f3n Colegial Naturop\u00e1tica\"},\"image\":{\"@id\":\"https:\/\/rina.naturopatiadigital.eu\/#\/schema\/logo\/image\/\"}}]}<\/script>\n<!-- \/ Yoast SEO plugin. -->","yoast_head_json":{"title":"RINA -","robots":{"index":"index","follow":"follow","max-snippet":"max-snippet:-1","max-image-preview":"max-image-preview:large","max-video-preview":"max-video-preview:-1"},"canonical":"https:\/\/rina.naturopatiadigital.eu\/?page_id=25","og_locale":"es_ES","og_type":"article","og_title":"RINA -","og_description":"La Red de Investigaci\u00f3n Naturop\u00e1tica es la continuaci\u00f3n del CNIN (2013 &#8211; 2020), iniciando una nueva etapa incorporando nuevas herramientas de Investigaci\u00f3n Naturop\u00e1tica e investigadores Natur\u00f3patas de \u00e1mbito internacional, adem\u00e1s de enlazar y colaborar con otras entidades de Investigaci\u00f3n Naturop\u00e1tica a nivel mundial, dentro del Programa de Investigaci\u00f3n Naturop\u00e1tica de la\u00a0Federaci\u00f3n Mundial de Naturopat\u00eda WNF","og_url":"https:\/\/rina.naturopatiadigital.eu\/?page_id=25","article_modified_time":"2025-05-20T13:14:58+00:00","og_image":[{"url":"https:\/\/rina.naturopatiadigital.eu\/wp-content\/uploads\/2020\/06\/cropped-NBE.jpg"}],"twitter_card":"summary_large_image","twitter_misc":{"Tiempo de lectura":"1 minuto"},"schema":{"@context":"https:\/\/schema.org","@graph":[{"@type":"WebPage","@id":"https:\/\/rina.naturopatiadigital.eu\/?page_id=25","url":"https:\/\/rina.naturopatiadigital.eu\/?page_id=25","name":"RINA -","isPartOf":{"@id":"https:\/\/rina.naturopatiadigital.eu\/#website"},"datePublished":"2020-06-28T18:54:29+00:00","dateModified":"2025-05-20T13:14:58+00:00","breadcrumb":{"@id":"https:\/\/rina.naturopatiadigital.eu\/?page_id=25#breadcrumb"},"inLanguage":"es","potentialAction":[{"@type":"ReadAction","target":["https:\/\/rina.naturopatiadigital.eu\/?page_id=25"]}]},{"@type":"BreadcrumbList","@id":"https:\/\/rina.naturopatiadigital.eu\/?page_id=25#breadcrumb","itemListElement":[{"@type":"ListItem","position":1,"name":"Home","item":"https:\/\/rina.naturopatiadigital.eu\/"},{"@type":"ListItem","position":2,"name":"RINA"}]},{"@type":"WebSite","@id":"https:\/\/rina.naturopatiadigital.eu\/#website","url":"https:\/\/rina.naturopatiadigital.eu\/","name":"","description":"Red Investigaci\u00f3n Naturop\u00e1tica","publisher":{"@id":"https:\/\/rina.naturopatiadigital.eu\/#organization"},"potentialAction":[{"@type":"SearchAction","target":{"@type":"EntryPoint","urlTemplate":"https:\/\/rina.naturopatiadigital.eu\/?s={search_term_string}"},"query-input":"required name=search_term_string"}],"inLanguage":"es"},{"@type":"Organization","@id":"https:\/\/rina.naturopatiadigital.eu\/#organization","name":"Organizaci\u00f3n Colegial Naturop\u00e1tica","url":"https:\/\/rina.naturopatiadigital.eu\/","logo":{"@type":"ImageObject","inLanguage":"es","@id":"https:\/\/rina.naturopatiadigital.eu\/#\/schema\/logo\/image\/","url":"https:\/\/RevistaEspa\u00f1oladeNaturopatia.naturopatiadigital.eu\/wp-content\/uploads\/2020\/11\/logo2.jpg","contentUrl":"https:\/\/RevistaEspa\u00f1oladeNaturopatia.naturopatiadigital.eu\/wp-content\/uploads\/2020\/11\/logo2.jpg","width":960,"height":960,"caption":"Organizaci\u00f3n Colegial Naturop\u00e1tica"},"image":{"@id":"https:\/\/rina.naturopatiadigital.eu\/#\/schema\/logo\/image\/"}}]}},"_links":{"self":[{"href":"https:\/\/rina.naturopatiadigital.eu\/index.php?rest_route=\/wp\/v2\/pages\/25","targetHints":{"allow":["GET"]}}],"collection":[{"href":"https:\/\/rina.naturopatiadigital.eu\/index.php?rest_route=\/wp\/v2\/pages"}],"about":[{"href":"https:\/\/rina.naturopatiadigital.eu\/index.php?rest_route=\/wp\/v2\/types\/page"}],"author":[{"embeddable":true,"href":"https:\/\/rina.naturopatiadigital.eu\/index.php?rest_route=\/wp\/v2\/users\/1"}],"replies":[{"embeddable":true,"href":"https:\/\/rina.naturopatiadigital.eu\/index.php?rest_route=%2Fwp%2Fv2%2Fcomments&post=25"}],"version-history":[{"count":8,"href":"https:\/\/rina.naturopatiadigital.eu\/index.php?rest_route=\/wp\/v2\/pages\/25\/revisions"}],"predecessor-version":[{"id":46473,"href":"https:\/\/rina.naturopatiadigital.eu\/index.php?rest_route=\/wp\/v2\/pages\/25\/revisions\/46473"}],"wp:attachment":[{"href":"https:\/\/rina.naturopatiadigital.eu\/index.php?rest_route=%2Fwp%2Fv2%2Fmedia&parent=25"}],"curies":[{"name":"wp","href":"https:\/\/api.w.org\/{rel}","templated":true}]}}